{"id":401,"date":"2020-03-24T18:14:52","date_gmt":"2020-03-24T17:14:52","guid":{"rendered":"https:\/\/hpr-im.com\/?page_id=401"},"modified":"2020-04-01T13:46:18","modified_gmt":"2020-04-01T11:46:18","slug":"communication","status":"publish","type":"page","link":"https:\/\/hpr-im.com\/?page_id=401","title":{"rendered":"Communication"},"content":{"rendered":"\t\t<div data-elementor-type=\"wp-page\" data-elementor-id=\"401\" class=\"elementor elementor-401\">\n\t\t\t\t\t\t\t\t\t<section class=\"elementor-section elementor-top-section elementor-element elementor-element-677683a8 elementor-section-height-min-height elementor-section-boxed elementor-section-height-default elementor-section-items-middle\" data-id=\"677683a8\" data-element_type=\"section\" data-settings=\"{&quot;background_background&quot;:&quot;classic&quot;}\">\n\t\t\t\t\t\t\t<div class=\"elementor-background-overlay\"><\/div>\n\t\t\t\t\t\t\t<div class=\"elementor-container elementor-column-gap-default\">\n\t\t\t\t\t<div class=\"elementor-column elementor-col-100 elementor-top-column elementor-element elementor-element-2a7fada3\" data-id=\"2a7fada3\" data-element_type=\"column\">\n\t\t\t<div class=\"elementor-widget-wrap elementor-element-populated\">\n\t\t\t\t\t\t\t\t<div class=\"elementor-element elementor-element-22d2ad11 elementor-widget-divider--view-line elementor-widget elementor-widget-divider\" data-id=\"22d2ad11\" data-element_type=\"widget\" data-widget_type=\"divider.default\">\n\t\t\t\t<div class=\"elementor-widget-container\">\n\t\t\t\t\t<div class=\"elementor-divider\">\n\t\t\t<span class=\"elementor-divider-separator\">\n\t\t\t\t\t\t<\/span>\n\t\t<\/div>\n\t\t\t\t<\/div>\n\t\t\t\t<\/div>\n\t\t\t\t<div class=\"elementor-element elementor-element-2e523846 elementor-widget elementor-widget-heading\" data-id=\"2e523846\" data-element_type=\"widget\" data-widget_type=\"heading.default\">\n\t\t\t\t<div class=\"elementor-widget-container\">\n\t\t\t<p class=\"elementor-heading-title elementor-size-large\">\u00ab La chose la plus importante en communication, c\u2019est d\u2019entendre ce qui n\u2019est pas dit \u00bb\n\n \u2013 Peter Drucker\u200b<\/p>\t\t<\/div>\n\t\t\t\t<\/div>\n\t\t\t\t\t<\/div>\n\t\t<\/div>\n\t\t\t\t\t\t\t<\/div>\n\t\t<\/section>\n\t\t\t\t<section class=\"elementor-section elementor-top-section elementor-element elementor-element-24fbd704 elementor-section-boxed elementor-section-height-default elementor-section-height-default\" data-id=\"24fbd704\" data-element_type=\"section\">\n\t\t\t\t\t\t<div class=\"elementor-container elementor-column-gap-default\">\n\t\t\t\t\t<div class=\"elementor-column elementor-col-100 elementor-top-column elementor-element elementor-element-1cdc5636\" data-id=\"1cdc5636\" data-element_type=\"column\">\n\t\t\t<div class=\"elementor-widget-wrap elementor-element-populated\">\n\t\t\t\t\t\t\t\t<div class=\"elementor-element elementor-element-5c321d54 elementor-widget elementor-widget-heading\" data-id=\"5c321d54\" data-element_type=\"widget\" data-widget_type=\"heading.default\">\n\t\t\t\t<div class=\"elementor-widget-container\">\n\t\t\t<h3 class=\"elementor-heading-title elementor-size-large\">mARKETING ET COMMUNICATION\n<\/h3>\t\t<\/div>\n\t\t\t\t<\/div>\n\t\t\t\t<div class=\"elementor-element elementor-element-4da42664 elementor-widget-divider--view-line elementor-widget elementor-widget-divider\" data-id=\"4da42664\" data-element_type=\"widget\" data-widget_type=\"divider.default\">\n\t\t\t\t<div class=\"elementor-widget-container\">\n\t\t\t\t\t<div class=\"elementor-divider\">\n\t\t\t<span class=\"elementor-divider-separator\">\n\t\t\t\t\t\t<\/span>\n\t\t<\/div>\n\t\t\t\t<\/div>\n\t\t\t\t<\/div>\n\t\t\t\t<section class=\"elementor-section elementor-inner-section elementor-element elementor-element-375717d5 elementor-section-boxed elementor-section-height-default elementor-section-height-default\" data-id=\"375717d5\" data-element_type=\"section\">\n\t\t\t\t\t\t<div class=\"elementor-container elementor-column-gap-wider\">\n\t\t\t\t\t<div class=\"elementor-column elementor-col-50 elementor-inner-column elementor-element elementor-element-12f278a6\" data-id=\"12f278a6\" data-element_type=\"column\">\n\t\t\t<div class=\"elementor-widget-wrap elementor-element-populated\">\n\t\t\t\t\t\t\t\t<div class=\"elementor-element elementor-element-3bb285a1 elementor-position-left elementor-vertical-align-middle elementor-widget elementor-widget-image-box\" data-id=\"3bb285a1\" data-element_type=\"widget\" data-widget_type=\"image-box.default\">\n\t\t\t\t<div class=\"elementor-widget-container\">\n\t\t\t<div class=\"elementor-image-box-wrapper\"><figure class=\"elementor-image-box-img\"><img decoding=\"async\" width=\"128\" height=\"128\" src=\"https:\/\/hpr-im.com\/wp-content\/uploads\/2020\/03\/1470399662_Marketing.png\" class=\"attachment-full size-full wp-image-481\" alt=\"\" srcset=\"https:\/\/hpr-im.com\/wp-content\/uploads\/2020\/03\/1470399662_Marketing.png 128w, https:\/\/hpr-im.com\/wp-content\/uploads\/2020\/03\/1470399662_Marketing-75x75.png 75w\" sizes=\"(max-width: 128px) 100vw, 128px\" \/><\/figure><div class=\"elementor-image-box-content\"><h3 class=\"elementor-image-box-title\">Web Marketing<\/h3><p class=\"elementor-image-box-description\">Notre \u00e9quipe vous propose des solutions pour faire conna\u00eetre votre entreprise ainsi augmenter sa visibilit\u00e9.<\/p><\/div><\/div>\t\t<\/div>\n\t\t\t\t<\/div>\n\t\t\t\t<div class=\"elementor-element elementor-element-69a28e38 elementor-position-left elementor-vertical-align-middle elementor-widget elementor-widget-image-box\" data-id=\"69a28e38\" data-element_type=\"widget\" data-widget_type=\"image-box.default\">\n\t\t\t\t<div class=\"elementor-widget-container\">\n\t\t\t<div class=\"elementor-image-box-wrapper\"><figure class=\"elementor-image-box-img\"><img decoding=\"async\" width=\"128\" height=\"128\" src=\"https:\/\/hpr-im.com\/wp-content\/uploads\/2020\/03\/1470399671_SEO.png\" class=\"attachment-full size-full wp-image-482\" alt=\"\" srcset=\"https:\/\/hpr-im.com\/wp-content\/uploads\/2020\/03\/1470399671_SEO.png 128w, https:\/\/hpr-im.com\/wp-content\/uploads\/2020\/03\/1470399671_SEO-75x75.png 75w\" sizes=\"(max-width: 128px) 100vw, 128px\" \/><\/figure><div class=\"elementor-image-box-content\"><h3 class=\"elementor-image-box-title\">\u00c9criture Web<\/h3><p class=\"elementor-image-box-description\">HPR-IM Conseil vous aide pour r\u00e9pondre aux attentes du parcours-client par l'information web pour le lecteur-utilisateur.<\/p><\/div><\/div>\t\t<\/div>\n\t\t\t\t<\/div>\n\t\t\t\t<div class=\"elementor-element elementor-element-11cddd07 elementor-position-left elementor-vertical-align-middle elementor-widget elementor-widget-image-box\" data-id=\"11cddd07\" data-element_type=\"widget\" data-widget_type=\"image-box.default\">\n\t\t\t\t<div class=\"elementor-widget-container\">\n\t\t\t<div class=\"elementor-image-box-wrapper\"><figure class=\"elementor-image-box-img\"><img decoding=\"async\" width=\"128\" height=\"128\" src=\"https:\/\/hpr-im.com\/wp-content\/uploads\/2020\/03\/1470399715_E-Commerce.png\" class=\"attachment-full size-full wp-image-483\" alt=\"\" srcset=\"https:\/\/hpr-im.com\/wp-content\/uploads\/2020\/03\/1470399715_E-Commerce.png 128w, https:\/\/hpr-im.com\/wp-content\/uploads\/2020\/03\/1470399715_E-Commerce-75x75.png 75w\" sizes=\"(max-width: 128px) 100vw, 128px\" \/><\/figure><div class=\"elementor-image-box-content\"><h3 class=\"elementor-image-box-title\">Cr\u00e9ation de site web<\/h3><p class=\"elementor-image-box-description\">Notre entreprise r\u00e9alise vos sites internet vous offrant de belles perspectives de d\u00e9veloppement, dynamique et ergonomique, ils mettront en valeur vos produits, vos services et votre savoir-faire.<\/p><\/div><\/div>\t\t<\/div>\n\t\t\t\t<\/div>\n\t\t\t\t\t<\/div>\n\t\t<\/div>\n\t\t\t\t<div class=\"elementor-column elementor-col-50 elementor-inner-column elementor-element elementor-element-142d2188\" data-id=\"142d2188\" data-element_type=\"column\">\n\t\t\t<div class=\"elementor-widget-wrap elementor-element-populated\">\n\t\t\t\t\t\t\t\t<div class=\"elementor-element elementor-element-164ed08f elementor-position-left elementor-vertical-align-middle elementor-widget elementor-widget-image-box\" data-id=\"164ed08f\" data-element_type=\"widget\" data-widget_type=\"image-box.default\">\n\t\t\t\t<div class=\"elementor-widget-container\">\n\t\t\t<div class=\"elementor-image-box-wrapper\"><figure class=\"elementor-image-box-img\"><img loading=\"lazy\" decoding=\"async\" width=\"128\" height=\"128\" src=\"https:\/\/hpr-im.com\/wp-content\/uploads\/2020\/03\/1470399674_App_Development.png\" class=\"attachment-full size-full wp-image-484\" alt=\"\" srcset=\"https:\/\/hpr-im.com\/wp-content\/uploads\/2020\/03\/1470399674_App_Development.png 128w, https:\/\/hpr-im.com\/wp-content\/uploads\/2020\/03\/1470399674_App_Development-75x75.png 75w\" sizes=\"(max-width: 128px) 100vw, 128px\" \/><\/figure><div class=\"elementor-image-box-content\"><h3 class=\"elementor-image-box-title\">Animation des r\u00e9seaux sociaux<\/h3><p class=\"elementor-image-box-description\">HPR-IM Conseil vous conseille sur les contenus \u00e0 publier sur les r\u00e9seaux sociaux . Nous accompagnons vos projets dans cette r\u00e9ussite.<\/p><\/div><\/div>\t\t<\/div>\n\t\t\t\t<\/div>\n\t\t\t\t<div class=\"elementor-element elementor-element-3833ee9d elementor-position-left elementor-vertical-align-middle elementor-widget elementor-widget-image-box\" data-id=\"3833ee9d\" data-element_type=\"widget\" data-widget_type=\"image-box.default\">\n\t\t\t\t<div class=\"elementor-widget-container\">\n\t\t\t<div class=\"elementor-image-box-wrapper\"><figure class=\"elementor-image-box-img\"><img loading=\"lazy\" decoding=\"async\" width=\"128\" height=\"128\" src=\"https:\/\/hpr-im.com\/wp-content\/uploads\/2020\/03\/1470399667_Newsletter.png\" class=\"attachment-full size-full wp-image-485\" alt=\"\" srcset=\"https:\/\/hpr-im.com\/wp-content\/uploads\/2020\/03\/1470399667_Newsletter.png 128w, https:\/\/hpr-im.com\/wp-content\/uploads\/2020\/03\/1470399667_Newsletter-75x75.png 75w\" sizes=\"(max-width: 128px) 100vw, 128px\" \/><\/figure><div class=\"elementor-image-box-content\"><h3 class=\"elementor-image-box-title\">Entretien d'une communaut\u00e9<\/h3><p class=\"elementor-image-box-description\">HPR-IM vous accompagne pour entretenir le dialogue avec votre communaut\u00e9. Enfin si elle n'existe pas, nous vous aidons \u00e0 en cr\u00e9er une.<\/p><\/div><\/div>\t\t<\/div>\n\t\t\t\t<\/div>\n\t\t\t\t<div class=\"elementor-element elementor-element-1653e0f1 elementor-position-left elementor-vertical-align-middle elementor-widget elementor-widget-image-box\" data-id=\"1653e0f1\" data-element_type=\"widget\" data-widget_type=\"image-box.default\">\n\t\t\t\t<div class=\"elementor-widget-container\">\n\t\t\t<div class=\"elementor-image-box-wrapper\"><figure class=\"elementor-image-box-img\"><img loading=\"lazy\" decoding=\"async\" width=\"128\" height=\"128\" src=\"https:\/\/hpr-im.com\/wp-content\/uploads\/2020\/03\/1470399656_Branding.png\" class=\"attachment-full size-full wp-image-486\" alt=\"\" srcset=\"https:\/\/hpr-im.com\/wp-content\/uploads\/2020\/03\/1470399656_Branding.png 128w, https:\/\/hpr-im.com\/wp-content\/uploads\/2020\/03\/1470399656_Branding-75x75.png 75w\" sizes=\"(max-width: 128px) 100vw, 128px\" \/><\/figure><div class=\"elementor-image-box-content\"><h3 class=\"elementor-image-box-title\">Organisation d'\u00e9v\u00e9nements<\/h3><p class=\"elementor-image-box-description\">HPR-IM Conseil vous conseille et vous organise vos \u00e9v\u00e8nements. Nous sommes  capable de r\u00e9pondre le plus rapidement possible \u00e0 vos besoins. <\/p><\/div><\/div>\t\t<\/div>\n\t\t\t\t<\/div>\n\t\t\t\t\t<\/div>\n\t\t<\/div>\n\t\t\t\t\t\t\t<\/div>\n\t\t<\/section>\n\t\t\t\t\t<\/div>\n\t\t<\/div>\n\t\t\t\t\t\t\t<\/div>\n\t\t<\/section>\n\t\t\t\t\t\t\t<\/div>\n\t\t","protected":false},"excerpt":{"rendered":"<p>\u00ab La chose la plus importante en communication, c\u2019est d\u2019entendre ce qui n\u2019est pas dit \u00bb \u2013 Peter Drucker\u200b mARKETING ET COMMUNICATION Web Marketing Notre \u00e9quipe vous propose des solutions pour faire conna\u00eetre votre entreprise ainsi augmenter sa visibilit\u00e9. \u00c9criture Web HPR-IM Conseil vous aide pour r\u00e9pondre aux attentes du parcours-client par l&rsquo;information web pour le lecteur-utilisateur. Cr\u00e9ation de site web Notre entreprise r\u00e9alise vos sites internet vous offrant de belles perspectives de d\u00e9veloppement, dynamique et ergonomique, ils mettront en valeur vos produits, vos services et votre savoir-faire. Animation des r\u00e9seaux sociaux HPR-IM Conseil vous conseille sur les contenus \u00e0 publier sur les r\u00e9seaux sociaux . Nous accompagnons vos projets dans cette r\u00e9ussite. Entretien d&rsquo;une communaut\u00e9 HPR-IM vous accompagne pour entretenir le dialogue avec votre communaut\u00e9. Enfin si elle n&rsquo;existe pas, nous vous aidons \u00e0 en cr\u00e9er une. Organisation d&rsquo;\u00e9v\u00e9nements HPR-IM Conseil vous conseille et vous organise vos \u00e9v\u00e8nements. Nous sommes capable de r\u00e9pondre le plus rapidement possible \u00e0 vos besoins.<\/p>\n","protected":false},"author":1,"featured_media":0,"parent":0,"menu_order":0,"comment_status":"closed","ping_status":"closed","template":"","meta":{"_aioseo_title":"","_aioseo_description":"","content-type":"","footnotes":""},"class_list":["post-401","page","type-page","status-publish"],"yoast_head":"<!-- This site is optimized with the Yoast SEO plugin v24.9 - https:\/\/yoast.com\/wordpress\/plugins\/seo\/ -->\n<title>Communication - Hpr-im Conseil<\/title>\n<meta name=\"robots\" content=\"index, follow, max-snippet:-1, max-image-preview:large, max-video-preview:-1\" \/>\n<link rel=\"canonical\" href=\"https:\/\/hpr-im.com\/?page_id=401\" \/>\n<meta property=\"og:locale\" content=\"fr_FR\" \/>\n<meta property=\"og:type\" content=\"article\" \/>\n<meta property=\"og:title\" content=\"Communication - Hpr-im Conseil\" \/>\n<meta property=\"og:description\" content=\"\u00ab La chose la plus importante en communication, c\u2019est d\u2019entendre ce qui n\u2019est pas dit \u00bb \u2013 Peter Drucker\u200b mARKETING ET COMMUNICATION Web Marketing Notre \u00e9quipe vous propose des solutions pour faire conna\u00eetre votre entreprise ainsi augmenter sa visibilit\u00e9. \u00c9criture Web HPR-IM Conseil vous aide pour r\u00e9pondre aux attentes du parcours-client par l&rsquo;information web pour le lecteur-utilisateur. Cr\u00e9ation de site web Notre entreprise r\u00e9alise vos sites internet vous offrant de belles perspectives de d\u00e9veloppement, dynamique et ergonomique, ils mettront en valeur vos produits, vos services et votre savoir-faire. Animation des r\u00e9seaux sociaux HPR-IM Conseil vous conseille sur les contenus \u00e0 publier sur les r\u00e9seaux sociaux . Nous accompagnons vos projets dans cette r\u00e9ussite. Entretien d&rsquo;une communaut\u00e9 HPR-IM vous accompagne pour entretenir le dialogue avec votre communaut\u00e9. Enfin si elle n&rsquo;existe pas, nous vous aidons \u00e0 en cr\u00e9er une. Organisation d&rsquo;\u00e9v\u00e9nements HPR-IM Conseil vous conseille et vous organise vos \u00e9v\u00e8nements. Nous sommes capable de r\u00e9pondre le plus rapidement possible \u00e0 vos besoins.\" \/>\n<meta property=\"og:url\" content=\"https:\/\/hpr-im.com\/?page_id=401\" \/>\n<meta property=\"og:site_name\" content=\"Hpr-im Conseil\" \/>\n<meta property=\"article:modified_time\" content=\"2020-04-01T11:46:18+00:00\" \/>\n<meta property=\"og:image\" content=\"https:\/\/hpr-im.com\/wp-content\/uploads\/2020\/03\/1470399662_Marketing.png\" \/>\n<meta name=\"twitter:card\" content=\"summary_large_image\" \/>\n<meta name=\"twitter:label1\" content=\"Dur\u00e9e de lecture estim\u00e9e\" \/>\n\t<meta name=\"twitter:data1\" content=\"1 minute\" \/>\n<script type=\"application\/ld+json\" class=\"yoast-schema-graph\">{\"@context\":\"https:\/\/schema.org\",\"@graph\":[{\"@type\":\"WebPage\",\"@id\":\"https:\/\/hpr-im.com\/?page_id=401\",\"url\":\"https:\/\/hpr-im.com\/?page_id=401\",\"name\":\"Communication - Hpr-im Conseil\",\"isPartOf\":{\"@id\":\"https:\/\/hpr-im.com\/#website\"},\"primaryImageOfPage\":{\"@id\":\"https:\/\/hpr-im.com\/?page_id=401#primaryimage\"},\"image\":{\"@id\":\"https:\/\/hpr-im.com\/?page_id=401#primaryimage\"},\"thumbnailUrl\":\"https:\/\/hpr-im.com\/wp-content\/uploads\/2020\/03\/1470399662_Marketing.png\",\"datePublished\":\"2020-03-24T17:14:52+00:00\",\"dateModified\":\"2020-04-01T11:46:18+00:00\",\"breadcrumb\":{\"@id\":\"https:\/\/hpr-im.com\/?page_id=401#breadcrumb\"},\"inLanguage\":\"fr-FR\",\"potentialAction\":[{\"@type\":\"ReadAction\",\"target\":[\"https:\/\/hpr-im.com\/?page_id=401\"]}]},{\"@type\":\"ImageObject\",\"inLanguage\":\"fr-FR\",\"@id\":\"https:\/\/hpr-im.com\/?page_id=401#primaryimage\",\"url\":\"https:\/\/hpr-im.com\/wp-content\/uploads\/2020\/03\/1470399662_Marketing.png\",\"contentUrl\":\"https:\/\/hpr-im.com\/wp-content\/uploads\/2020\/03\/1470399662_Marketing.png\",\"width\":128,\"height\":128},{\"@type\":\"BreadcrumbList\",\"@id\":\"https:\/\/hpr-im.com\/?page_id=401#breadcrumb\",\"itemListElement\":[{\"@type\":\"ListItem\",\"position\":1,\"name\":\"Home\",\"item\":\"https:\/\/hpr-im.com\/\"},{\"@type\":\"ListItem\",\"position\":2,\"name\":\"Communication\"}]},{\"@type\":\"WebSite\",\"@id\":\"https:\/\/hpr-im.com\/#website\",\"url\":\"https:\/\/hpr-im.com\/\",\"name\":\"Hpr-im Conseil\",\"description\":\"CONSULTING\",\"publisher\":{\"@id\":\"https:\/\/hpr-im.com\/#organization\"},\"potentialAction\":[{\"@type\":\"SearchAction\",\"target\":{\"@type\":\"EntryPoint\",\"urlTemplate\":\"https:\/\/hpr-im.com\/?s={search_term_string}\"},\"query-input\":{\"@type\":\"PropertyValueSpecification\",\"valueRequired\":true,\"valueName\":\"search_term_string\"}}],\"inLanguage\":\"fr-FR\"},{\"@type\":\"Organization\",\"@id\":\"https:\/\/hpr-im.com\/#organization\",\"name\":\"HPR-IM Conseil\",\"url\":\"https:\/\/hpr-im.com\/\",\"logo\":{\"@type\":\"ImageObject\",\"inLanguage\":\"fr-FR\",\"@id\":\"https:\/\/hpr-im.com\/#\/schema\/logo\/image\/\",\"url\":\"https:\/\/hpr-im.com\/wp-content\/uploads\/2020\/12\/cropped-logo_HPRIM_gris-bleu-2-1.png\",\"contentUrl\":\"https:\/\/hpr-im.com\/wp-content\/uploads\/2020\/12\/cropped-logo_HPRIM_gris-bleu-2-1.png\",\"width\":1473,\"height\":619,\"caption\":\"HPR-IM Conseil\"},\"image\":{\"@id\":\"https:\/\/hpr-im.com\/#\/schema\/logo\/image\/\"},\"sameAs\":[\"https:\/\/www.linkedin.com\/company\/68813876\/admin\/\"]}]}<\/script>\n<!-- \/ Yoast SEO plugin. -->","yoast_head_json":{"title":"Communication - Hpr-im Conseil","robots":{"index":"index","follow":"follow","max-snippet":"max-snippet:-1","max-image-preview":"max-image-preview:large","max-video-preview":"max-video-preview:-1"},"canonical":"https:\/\/hpr-im.com\/?page_id=401","og_locale":"fr_FR","og_type":"article","og_title":"Communication - Hpr-im Conseil","og_description":"\u00ab La chose la plus importante en communication, c\u2019est d\u2019entendre ce qui n\u2019est pas dit \u00bb \u2013 Peter Drucker\u200b mARKETING ET COMMUNICATION Web Marketing Notre \u00e9quipe vous propose des solutions pour faire conna\u00eetre votre entreprise ainsi augmenter sa visibilit\u00e9. \u00c9criture Web HPR-IM Conseil vous aide pour r\u00e9pondre aux attentes du parcours-client par l&rsquo;information web pour le lecteur-utilisateur. Cr\u00e9ation de site web Notre entreprise r\u00e9alise vos sites internet vous offrant de belles perspectives de d\u00e9veloppement, dynamique et ergonomique, ils mettront en valeur vos produits, vos services et votre savoir-faire. Animation des r\u00e9seaux sociaux HPR-IM Conseil vous conseille sur les contenus \u00e0 publier sur les r\u00e9seaux sociaux . Nous accompagnons vos projets dans cette r\u00e9ussite. Entretien d&rsquo;une communaut\u00e9 HPR-IM vous accompagne pour entretenir le dialogue avec votre communaut\u00e9. Enfin si elle n&rsquo;existe pas, nous vous aidons \u00e0 en cr\u00e9er une. Organisation d&rsquo;\u00e9v\u00e9nements HPR-IM Conseil vous conseille et vous organise vos \u00e9v\u00e8nements. Nous sommes capable de r\u00e9pondre le plus rapidement possible \u00e0 vos besoins.","og_url":"https:\/\/hpr-im.com\/?page_id=401","og_site_name":"Hpr-im Conseil","article_modified_time":"2020-04-01T11:46:18+00:00","og_image":[{"url":"https:\/\/hpr-im.com\/wp-content\/uploads\/2020\/03\/1470399662_Marketing.png","type":"","width":"","height":""}],"twitter_card":"summary_large_image","twitter_misc":{"Dur\u00e9e de lecture estim\u00e9e":"1 minute"},"schema":{"@context":"https:\/\/schema.org","@graph":[{"@type":"WebPage","@id":"https:\/\/hpr-im.com\/?page_id=401","url":"https:\/\/hpr-im.com\/?page_id=401","name":"Communication - Hpr-im Conseil","isPartOf":{"@id":"https:\/\/hpr-im.com\/#website"},"primaryImageOfPage":{"@id":"https:\/\/hpr-im.com\/?page_id=401#primaryimage"},"image":{"@id":"https:\/\/hpr-im.com\/?page_id=401#primaryimage"},"thumbnailUrl":"https:\/\/hpr-im.com\/wp-content\/uploads\/2020\/03\/1470399662_Marketing.png","datePublished":"2020-03-24T17:14:52+00:00","dateModified":"2020-04-01T11:46:18+00:00","breadcrumb":{"@id":"https:\/\/hpr-im.com\/?page_id=401#breadcrumb"},"inLanguage":"fr-FR","potentialAction":[{"@type":"ReadAction","target":["https:\/\/hpr-im.com\/?page_id=401"]}]},{"@type":"ImageObject","inLanguage":"fr-FR","@id":"https:\/\/hpr-im.com\/?page_id=401#primaryimage","url":"https:\/\/hpr-im.com\/wp-content\/uploads\/2020\/03\/1470399662_Marketing.png","contentUrl":"https:\/\/hpr-im.com\/wp-content\/uploads\/2020\/03\/1470399662_Marketing.png","width":128,"height":128},{"@type":"BreadcrumbList","@id":"https:\/\/hpr-im.com\/?page_id=401#breadcrumb","itemListElement":[{"@type":"ListItem","position":1,"name":"Home","item":"https:\/\/hpr-im.com\/"},{"@type":"ListItem","position":2,"name":"Communication"}]},{"@type":"WebSite","@id":"https:\/\/hpr-im.com\/#website","url":"https:\/\/hpr-im.com\/","name":"Hpr-im Conseil","description":"CONSULTING","publisher":{"@id":"https:\/\/hpr-im.com\/#organization"},"potentialAction":[{"@type":"SearchAction","target":{"@type":"EntryPoint","urlTemplate":"https:\/\/hpr-im.com\/?s={search_term_string}"},"query-input":{"@type":"PropertyValueSpecification","valueRequired":true,"valueName":"search_term_string"}}],"inLanguage":"fr-FR"},{"@type":"Organization","@id":"https:\/\/hpr-im.com\/#organization","name":"HPR-IM Conseil","url":"https:\/\/hpr-im.com\/","logo":{"@type":"ImageObject","inLanguage":"fr-FR","@id":"https:\/\/hpr-im.com\/#\/schema\/logo\/image\/","url":"https:\/\/hpr-im.com\/wp-content\/uploads\/2020\/12\/cropped-logo_HPRIM_gris-bleu-2-1.png","contentUrl":"https:\/\/hpr-im.com\/wp-content\/uploads\/2020\/12\/cropped-logo_HPRIM_gris-bleu-2-1.png","width":1473,"height":619,"caption":"HPR-IM Conseil"},"image":{"@id":"https:\/\/hpr-im.com\/#\/schema\/logo\/image\/"},"sameAs":["https:\/\/www.linkedin.com\/company\/68813876\/admin\/"]}]}},"_links":{"self":[{"href":"https:\/\/hpr-im.com\/index.php?rest_route=\/wp\/v2\/pages\/401","targetHints":{"allow":["GET"]}}],"collection":[{"href":"https:\/\/hpr-im.com\/index.php?rest_route=\/wp\/v2\/pages"}],"about":[{"href":"https:\/\/hpr-im.com\/index.php?rest_route=\/wp\/v2\/types\/page"}],"author":[{"embeddable":true,"href":"https:\/\/hpr-im.com\/index.php?rest_route=\/wp\/v2\/users\/1"}],"replies":[{"embeddable":true,"href":"https:\/\/hpr-im.com\/index.php?rest_route=%2Fwp%2Fv2%2Fcomments&post=401"}],"version-history":[{"count":6,"href":"https:\/\/hpr-im.com\/index.php?rest_route=\/wp\/v2\/pages\/401\/revisions"}],"predecessor-version":[{"id":548,"href":"https:\/\/hpr-im.com\/index.php?rest_route=\/wp\/v2\/pages\/401\/revisions\/548"}],"wp:attachment":[{"href":"https:\/\/hpr-im.com\/index.php?rest_route=%2Fwp%2Fv2%2Fmedia&parent=401"}],"curies":[{"name":"wp","href":"https:\/\/api.w.org\/{rel}","templated":true}]}}