{"id":397,"date":"2020-03-24T18:14:51","date_gmt":"2020-03-24T17:14:51","guid":{"rendered":"https:\/\/hpr-im.com\/?page_id=397"},"modified":"2020-03-25T11:34:43","modified_gmt":"2020-03-25T10:34:43","slug":"audit","status":"publish","type":"page","link":"https:\/\/hpr-im.com\/?page_id=397","title":{"rendered":"Audit"},"content":{"rendered":"\t\t<div data-elementor-type=\"wp-page\" data-elementor-id=\"397\" class=\"elementor elementor-397\">\n\t\t\t\t\t\t\t\t\t<section class=\"elementor-section elementor-top-section elementor-element elementor-element-30043c06 elementor-section-full_width elementor-section-height-min-height elementor-section-items-bottom elementor-section-height-default\" data-id=\"30043c06\" data-element_type=\"section\" data-settings=\"{&quot;background_background&quot;:&quot;classic&quot;}\">\n\t\t\t\t\t\t<div class=\"elementor-container elementor-column-gap-no\">\n\t\t\t\t\t<div class=\"elementor-column elementor-col-100 elementor-top-column elementor-element elementor-element-3679448e\" data-id=\"3679448e\" data-element_type=\"column\">\n\t\t\t<div class=\"elementor-widget-wrap elementor-element-populated\">\n\t\t\t\t\t\t\t\t<section class=\"elementor-section elementor-inner-section elementor-element elementor-element-4fd093ed elementor-section-full_width elementor-section-height-default elementor-section-content-middle elementor-section-height-default\" data-id=\"4fd093ed\" data-element_type=\"section\" data-settings=\"{&quot;background_background&quot;:&quot;classic&quot;}\">\n\t\t\t\t\t\t<div class=\"elementor-container elementor-column-gap-default\">\n\t\t\t\t\t<div class=\"elementor-column elementor-col-50 elementor-inner-column elementor-element elementor-element-3f3c67fd\" data-id=\"3f3c67fd\" data-element_type=\"column\">\n\t\t\t<div class=\"elementor-widget-wrap elementor-element-populated\">\n\t\t\t\t\t\t\t\t<div class=\"elementor-element elementor-element-9f91fa0 elementor-widget elementor-widget-heading\" data-id=\"9f91fa0\" data-element_type=\"widget\" data-widget_type=\"heading.default\">\n\t\t\t\t<div class=\"elementor-widget-container\">\n\t\t\t<h2 class=\"elementor-heading-title elementor-size-large\">Besoin d'un devis ou plus d'informations ?<\/h2>\t\t<\/div>\n\t\t\t\t<\/div>\n\t\t\t\t\t<\/div>\n\t\t<\/div>\n\t\t\t\t<div class=\"elementor-column elementor-col-50 elementor-inner-column elementor-element elementor-element-6c5eeaa0\" data-id=\"6c5eeaa0\" data-element_type=\"column\">\n\t\t\t<div class=\"elementor-widget-wrap elementor-element-populated\">\n\t\t\t\t\t\t\t\t<div class=\"elementor-element elementor-element-4ef74846 elementor-align-center elementor-mobile-align-center elementor-widget elementor-widget-button\" data-id=\"4ef74846\" data-element_type=\"widget\" data-widget_type=\"button.default\">\n\t\t\t\t<div class=\"elementor-widget-container\">\n\t\t\t\t\t<div class=\"elementor-button-wrapper\">\n\t\t\t<a class=\"elementor-button elementor-button-link elementor-size-xl\" href=\"\">\n\t\t\t\t\t\t<span class=\"elementor-button-content-wrapper\">\n\t\t\t\t\t\t<span class=\"elementor-button-text\">nous contacter      <\/span>\n\t\t<\/span>\n\t\t\t\t\t<\/a>\n\t\t<\/div>\n\t\t\t\t<\/div>\n\t\t\t\t<\/div>\n\t\t\t\t\t<\/div>\n\t\t<\/div>\n\t\t\t\t\t\t\t<\/div>\n\t\t<\/section>\n\t\t\t\t\t<\/div>\n\t\t<\/div>\n\t\t\t\t\t\t\t<\/div>\n\t\t<\/section>\n\t\t\t\t<section class=\"elementor-section elementor-top-section elementor-element elementor-element-1df4f7be elementor-section-boxed elementor-section-height-default elementor-section-height-default\" data-id=\"1df4f7be\" data-element_type=\"section\">\n\t\t\t\t\t\t<div class=\"elementor-container elementor-column-gap-default\">\n\t\t\t\t\t<div class=\"elementor-column elementor-col-100 elementor-top-column elementor-element elementor-element-3e80d39b\" data-id=\"3e80d39b\" data-element_type=\"column\">\n\t\t\t<div class=\"elementor-widget-wrap elementor-element-populated\">\n\t\t\t\t\t\t\t\t<div class=\"elementor-element elementor-element-76c35de3 elementor-widget elementor-widget-text-editor\" data-id=\"76c35de3\" data-element_type=\"widget\" data-widget_type=\"text-editor.default\">\n\t\t\t\t<div class=\"elementor-widget-container\">\n\t\t\t\t\t\t\t<p>Notre \u00e9quipe vous propose de r\u00e9aliser une analyse factuelle et ind\u00e9pendante men\u00e9e par un ou plusieurs experts du domaine concern\u00e9.<\/p>\t\t\t\t\t\t<\/div>\n\t\t\t\t<\/div>\n\t\t\t\t\t<\/div>\n\t\t<\/div>\n\t\t\t\t\t\t\t<\/div>\n\t\t<\/section>\n\t\t\t\t<section class=\"elementor-section elementor-top-section elementor-element elementor-element-6f69a7e2 elementor-section-height-min-height elementor-section-items-stretch elementor-section-content-middle elementor-section-boxed elementor-section-height-default\" data-id=\"6f69a7e2\" data-element_type=\"section\">\n\t\t\t\t\t\t<div class=\"elementor-container elementor-column-gap-default\">\n\t\t\t\t\t<div class=\"elementor-column elementor-col-50 elementor-top-column elementor-element elementor-element-7c1cbf68\" data-id=\"7c1cbf68\" data-element_type=\"column\" data-settings=\"{&quot;background_background&quot;:&quot;classic&quot;}\">\n\t\t\t<div class=\"elementor-widget-wrap elementor-element-populated\">\n\t\t\t\t\t\t\t\t<div class=\"elementor-element elementor-element-52eda58d elementor-widget elementor-widget-image\" data-id=\"52eda58d\" data-element_type=\"widget\" data-widget_type=\"image.default\">\n\t\t\t\t<div class=\"elementor-widget-container\">\n\t\t\t\t\t\t\t\t\t\t\t\t\t\t\t<img decoding=\"async\" width=\"75\" height=\"75\" src=\"https:\/\/hpr-im.com\/wp-content\/uploads\/2020\/03\/shield-75x75.png\" class=\"attachment-bard-single-navigation size-bard-single-navigation wp-image-437\" alt=\"\" srcset=\"https:\/\/hpr-im.com\/wp-content\/uploads\/2020\/03\/shield-75x75.png 75w, https:\/\/hpr-im.com\/wp-content\/uploads\/2020\/03\/shield-300x300.png 300w, https:\/\/hpr-im.com\/wp-content\/uploads\/2020\/03\/shield-150x150.png 150w, https:\/\/hpr-im.com\/wp-content\/uploads\/2020\/03\/shield.png 512w\" sizes=\"(max-width: 75px) 100vw, 75px\" \/>\t\t\t\t\t\t\t\t\t\t\t\t\t\t\t<\/div>\n\t\t\t\t<\/div>\n\t\t\t\t<div class=\"elementor-element elementor-element-521e18bd elementor-widget elementor-widget-heading\" data-id=\"521e18bd\" data-element_type=\"widget\" data-widget_type=\"heading.default\">\n\t\t\t\t<div class=\"elementor-widget-container\">\n\t\t\t<h3 class=\"elementor-heading-title elementor-size-large\">Qualit\u00e9<\/h3>\t\t<\/div>\n\t\t\t\t<\/div>\n\t\t\t\t<div class=\"elementor-element elementor-element-7b11eae7 elementor-widget elementor-widget-text-editor\" data-id=\"7b11eae7\" data-element_type=\"widget\" data-widget_type=\"text-editor.default\">\n\t\t\t\t<div class=\"elementor-widget-container\">\n\t\t\t\t\t\t\t<p style=\"text-align: left;\"><span style=\"color: #1a76d9;\">Vous souhaitez vous positionner sur votre conformit\u00e9 \u00e0 un r\u00e9f\u00e9rentiel (certification, ISO 9001, LABELLIX\u2026).\u00a0<\/span><\/p><p style=\"text-align: left;\"><span style=\"color: #1a76d9;\">Nous d\u00e9finirons les points conformes et les \u00e9ventuels axes d\u2019am\u00e9lioration avec nos experts.<\/span><\/p>\t\t\t\t\t\t<\/div>\n\t\t\t\t<\/div>\n\t\t\t\t\t<\/div>\n\t\t<\/div>\n\t\t\t\t<div class=\"elementor-column elementor-col-50 elementor-top-column elementor-element elementor-element-4547b2db\" data-id=\"4547b2db\" data-element_type=\"column\" data-settings=\"{&quot;background_background&quot;:&quot;classic&quot;}\">\n\t\t\t<div class=\"elementor-widget-wrap elementor-element-populated\">\n\t\t\t\t\t\t\t\t<div class=\"elementor-element elementor-element-154a1878 elementor-widget elementor-widget-image\" data-id=\"154a1878\" data-element_type=\"widget\" data-widget_type=\"image.default\">\n\t\t\t\t<div class=\"elementor-widget-container\">\n\t\t\t\t\t\t\t\t\t\t\t\t\t\t\t<img decoding=\"async\" width=\"75\" height=\"75\" src=\"https:\/\/hpr-im.com\/wp-content\/uploads\/2020\/03\/calendar-75x75.png\" class=\"attachment-bard-single-navigation size-bard-single-navigation wp-image-438\" alt=\"\" srcset=\"https:\/\/hpr-im.com\/wp-content\/uploads\/2020\/03\/calendar-75x75.png 75w, https:\/\/hpr-im.com\/wp-content\/uploads\/2020\/03\/calendar-300x300.png 300w, https:\/\/hpr-im.com\/wp-content\/uploads\/2020\/03\/calendar-150x150.png 150w, https:\/\/hpr-im.com\/wp-content\/uploads\/2020\/03\/calendar.png 512w\" sizes=\"(max-width: 75px) 100vw, 75px\" \/>\t\t\t\t\t\t\t\t\t\t\t\t\t\t\t<\/div>\n\t\t\t\t<\/div>\n\t\t\t\t<div class=\"elementor-element elementor-element-50955e13 elementor-widget elementor-widget-heading\" data-id=\"50955e13\" data-element_type=\"widget\" data-widget_type=\"heading.default\">\n\t\t\t\t<div class=\"elementor-widget-container\">\n\t\t\t<h3 class=\"elementor-heading-title elementor-size-large\">Organisationnel<\/h3>\t\t<\/div>\n\t\t\t\t<\/div>\n\t\t\t\t<div class=\"elementor-element elementor-element-60f7e3f8 elementor-widget elementor-widget-text-editor\" data-id=\"60f7e3f8\" data-element_type=\"widget\" data-widget_type=\"text-editor.default\">\n\t\t\t\t<div class=\"elementor-widget-container\">\n\t\t\t\t\t\t\t<p style=\"text-align: left;\"><span style=\"color: #196bc2;\">Vous souhaitez avoir un \u0153il objectif sur la satisfaction du patient et une \u00e9valuation du fonctionnement de votre organisation. Nous r\u00e9aliserons un audit cibl\u00e9 (planification, secr\u00e9tariat, circuits patients\u2026) pour r\u00e9pondre \u00e0 vos attentes en vous proposant les actions adapt\u00e9es.<\/span><\/p>\t\t\t\t\t\t<\/div>\n\t\t\t\t<\/div>\n\t\t\t\t\t<\/div>\n\t\t<\/div>\n\t\t\t\t\t\t\t<\/div>\n\t\t<\/section>\n\t\t\t\t<section class=\"elementor-section elementor-top-section elementor-element elementor-element-5b62b2ff elementor-section-height-min-height elementor-section-items-stretch elementor-section-content-middle elementor-section-boxed elementor-section-height-default\" data-id=\"5b62b2ff\" data-element_type=\"section\">\n\t\t\t\t\t\t<div class=\"elementor-container elementor-column-gap-default\">\n\t\t\t\t\t<div class=\"elementor-column elementor-col-50 elementor-top-column elementor-element elementor-element-755ef106\" data-id=\"755ef106\" data-element_type=\"column\" data-settings=\"{&quot;background_background&quot;:&quot;classic&quot;}\">\n\t\t\t<div class=\"elementor-widget-wrap elementor-element-populated\">\n\t\t\t\t\t\t\t\t<div class=\"elementor-element elementor-element-217e1bfe elementor-widget elementor-widget-image\" data-id=\"217e1bfe\" data-element_type=\"widget\" data-widget_type=\"image.default\">\n\t\t\t\t<div class=\"elementor-widget-container\">\n\t\t\t\t\t\t\t\t\t\t\t\t\t\t\t<img decoding=\"async\" width=\"75\" height=\"75\" src=\"https:\/\/hpr-im.com\/wp-content\/uploads\/2020\/03\/rules-75x75.png\" class=\"attachment-bard-single-navigation size-bard-single-navigation wp-image-439\" alt=\"\" srcset=\"https:\/\/hpr-im.com\/wp-content\/uploads\/2020\/03\/rules-75x75.png 75w, https:\/\/hpr-im.com\/wp-content\/uploads\/2020\/03\/rules-300x300.png 300w, https:\/\/hpr-im.com\/wp-content\/uploads\/2020\/03\/rules-150x150.png 150w, https:\/\/hpr-im.com\/wp-content\/uploads\/2020\/03\/rules.png 512w\" sizes=\"(max-width: 75px) 100vw, 75px\" \/>\t\t\t\t\t\t\t\t\t\t\t\t\t\t\t<\/div>\n\t\t\t\t<\/div>\n\t\t\t\t<div class=\"elementor-element elementor-element-5c9a4474 elementor-widget elementor-widget-heading\" data-id=\"5c9a4474\" data-element_type=\"widget\" data-widget_type=\"heading.default\">\n\t\t\t\t<div class=\"elementor-widget-container\">\n\t\t\t<h3 class=\"elementor-heading-title elementor-size-large\">Cotation CCAM<\/h3>\t\t<\/div>\n\t\t\t\t<\/div>\n\t\t\t\t<div class=\"elementor-element elementor-element-153ce3e4 elementor-widget elementor-widget-text-editor\" data-id=\"153ce3e4\" data-element_type=\"widget\" data-widget_type=\"text-editor.default\">\n\t\t\t\t<div class=\"elementor-widget-container\">\n\t\t\t\t\t\t\t<p style=\"text-align: left;\"><span style=\"color: #176ebf;\">Vous souhaitez v\u00e9rifier la bonne utilisation du catalogue CCAM dans votre structure par l\u2019ensemble des utilisateurs. Nous proc\u00e9derons \u00e0 un \u00e9tat des lieux sur la cotation de vos actes et nous vous proposerons si besoin des modifications d\u2019utilisation de la CCAM.<\/span><\/p><p style=\"text-align: left;\"><span style=\"color: #176ebf;\">\u00a0<\/span><\/p>\t\t\t\t\t\t<\/div>\n\t\t\t\t<\/div>\n\t\t\t\t\t<\/div>\n\t\t<\/div>\n\t\t\t\t<div class=\"elementor-column elementor-col-50 elementor-top-column elementor-element elementor-element-73dae5c4\" data-id=\"73dae5c4\" data-element_type=\"column\" data-settings=\"{&quot;background_background&quot;:&quot;classic&quot;}\">\n\t\t\t<div class=\"elementor-widget-wrap elementor-element-populated\">\n\t\t\t\t\t\t\t\t<div class=\"elementor-element elementor-element-243e3c9f elementor-widget elementor-widget-image\" data-id=\"243e3c9f\" data-element_type=\"widget\" data-widget_type=\"image.default\">\n\t\t\t\t<div class=\"elementor-widget-container\">\n\t\t\t\t\t\t\t\t\t\t\t\t\t\t\t<img loading=\"lazy\" decoding=\"async\" width=\"75\" height=\"75\" src=\"https:\/\/hpr-im.com\/wp-content\/uploads\/2020\/03\/secure-data-75x75.png\" class=\"attachment-bard-single-navigation size-bard-single-navigation wp-image-440\" alt=\"\" srcset=\"https:\/\/hpr-im.com\/wp-content\/uploads\/2020\/03\/secure-data-75x75.png 75w, https:\/\/hpr-im.com\/wp-content\/uploads\/2020\/03\/secure-data-300x300.png 300w, https:\/\/hpr-im.com\/wp-content\/uploads\/2020\/03\/secure-data-150x150.png 150w, https:\/\/hpr-im.com\/wp-content\/uploads\/2020\/03\/secure-data.png 512w\" sizes=\"(max-width: 75px) 100vw, 75px\" \/>\t\t\t\t\t\t\t\t\t\t\t\t\t\t\t<\/div>\n\t\t\t\t<\/div>\n\t\t\t\t<div class=\"elementor-element elementor-element-4d629088 elementor-widget elementor-widget-heading\" data-id=\"4d629088\" data-element_type=\"widget\" data-widget_type=\"heading.default\">\n\t\t\t\t<div class=\"elementor-widget-container\">\n\t\t\t<h3 class=\"elementor-heading-title elementor-size-large\">RGPD<\/h3>\t\t<\/div>\n\t\t\t\t<\/div>\n\t\t\t\t<div class=\"elementor-element elementor-element-7445b1ee elementor-widget elementor-widget-text-editor\" data-id=\"7445b1ee\" data-element_type=\"widget\" data-widget_type=\"text-editor.default\">\n\t\t\t\t<div class=\"elementor-widget-container\">\n\t\t\t\t\t\t\t<p style=\"text-align: left;\"><span style=\"color: #176ebf;\"><span style=\"letter-spacing: 0px;\">Vous souhaitez v\u00e9rifier que le r\u00e8glement europ\u00e9en est bien implant\u00e9 dans votre organisation.\u00a0<\/span><span style=\"letter-spacing: 0px;\">Nous vous accompagnerons au travers d\u2019un audit de conformit\u00e9 \u00e0 la protection des donn\u00e9es. Nous vous proposerons ensuite des solutions.<\/span><\/span><\/p><p style=\"text-align: left;\"><span style=\"color: #427ed6;\">\u00a0<\/span><\/p>\t\t\t\t\t\t<\/div>\n\t\t\t\t<\/div>\n\t\t\t\t\t<\/div>\n\t\t<\/div>\n\t\t\t\t\t\t\t<\/div>\n\t\t<\/section>\n\t\t\t\t\t\t\t<\/div>\n\t\t","protected":false},"excerpt":{"rendered":"<p>Besoin d&rsquo;un devis ou plus d&rsquo;informations ? nous contacter Notre \u00e9quipe vous propose de r\u00e9aliser une analyse factuelle et ind\u00e9pendante men\u00e9e par un ou plusieurs experts du domaine concern\u00e9. Qualit\u00e9 Vous souhaitez vous positionner sur votre conformit\u00e9 \u00e0 un r\u00e9f\u00e9rentiel (certification, ISO 9001, LABELLIX\u2026).\u00a0 Nous d\u00e9finirons les points conformes et les \u00e9ventuels axes d\u2019am\u00e9lioration avec nos experts. Organisationnel Vous souhaitez avoir un \u0153il objectif sur la satisfaction du patient et une \u00e9valuation du fonctionnement de votre organisation. Nous r\u00e9aliserons un audit cibl\u00e9 (planification, secr\u00e9tariat, circuits patients\u2026) pour r\u00e9pondre \u00e0 vos attentes en vous proposant les actions adapt\u00e9es. Cotation CCAM Vous souhaitez v\u00e9rifier la bonne utilisation du catalogue CCAM dans votre structure par l\u2019ensemble des utilisateurs. Nous proc\u00e9derons \u00e0 un \u00e9tat des lieux sur la cotation de vos actes et nous vous proposerons si besoin des modifications d\u2019utilisation de la CCAM. \u00a0 RGPD Vous souhaitez v\u00e9rifier que le r\u00e8glement europ\u00e9en est bien implant\u00e9 dans votre organisation.\u00a0Nous vous accompagnerons au travers d\u2019un audit de conformit\u00e9 \u00e0 la protection des donn\u00e9es. Nous vous proposerons ensuite des solutions. \u00a0<\/p>\n","protected":false},"author":1,"featured_media":0,"parent":0,"menu_order":0,"comment_status":"closed","ping_status":"closed","template":"","meta":{"_aioseo_title":"","_aioseo_description":"","content-type":"","footnotes":""},"class_list":["post-397","page","type-page","status-publish"],"yoast_head":"<!-- This site is optimized with the Yoast SEO plugin v24.9 - https:\/\/yoast.com\/wordpress\/plugins\/seo\/ -->\n<title>Audit - Hpr-im Conseil<\/title>\n<meta name=\"robots\" content=\"index, follow, max-snippet:-1, max-image-preview:large, max-video-preview:-1\" \/>\n<link rel=\"canonical\" href=\"https:\/\/hpr-im.com\/?page_id=397\" \/>\n<meta property=\"og:locale\" content=\"fr_FR\" \/>\n<meta property=\"og:type\" content=\"article\" \/>\n<meta property=\"og:title\" content=\"Audit - Hpr-im Conseil\" \/>\n<meta property=\"og:description\" content=\"Besoin d&rsquo;un devis ou plus d&rsquo;informations ? nous contacter Notre \u00e9quipe vous propose de r\u00e9aliser une analyse factuelle et ind\u00e9pendante men\u00e9e par un ou plusieurs experts du domaine concern\u00e9. Qualit\u00e9 Vous souhaitez vous positionner sur votre conformit\u00e9 \u00e0 un r\u00e9f\u00e9rentiel (certification, ISO 9001, LABELLIX\u2026).\u00a0 Nous d\u00e9finirons les points conformes et les \u00e9ventuels axes d\u2019am\u00e9lioration avec nos experts. Organisationnel Vous souhaitez avoir un \u0153il objectif sur la satisfaction du patient et une \u00e9valuation du fonctionnement de votre organisation. Nous r\u00e9aliserons un audit cibl\u00e9 (planification, secr\u00e9tariat, circuits patients\u2026) pour r\u00e9pondre \u00e0 vos attentes en vous proposant les actions adapt\u00e9es. Cotation CCAM Vous souhaitez v\u00e9rifier la bonne utilisation du catalogue CCAM dans votre structure par l\u2019ensemble des utilisateurs. Nous proc\u00e9derons \u00e0 un \u00e9tat des lieux sur la cotation de vos actes et nous vous proposerons si besoin des modifications d\u2019utilisation de la CCAM. \u00a0 RGPD Vous souhaitez v\u00e9rifier que le r\u00e8glement europ\u00e9en est bien implant\u00e9 dans votre organisation.\u00a0Nous vous accompagnerons au travers d\u2019un audit de conformit\u00e9 \u00e0 la protection des donn\u00e9es. Nous vous proposerons ensuite des solutions. \u00a0\" \/>\n<meta property=\"og:url\" content=\"https:\/\/hpr-im.com\/?page_id=397\" \/>\n<meta property=\"og:site_name\" content=\"Hpr-im Conseil\" \/>\n<meta property=\"article:modified_time\" content=\"2020-03-25T10:34:43+00:00\" \/>\n<meta property=\"og:image\" content=\"https:\/\/hpr-im.com\/wp-content\/uploads\/2020\/03\/shield-75x75.png\" \/>\n<meta name=\"twitter:card\" content=\"summary_large_image\" \/>\n<meta name=\"twitter:label1\" content=\"Dur\u00e9e de lecture estim\u00e9e\" \/>\n\t<meta name=\"twitter:data1\" content=\"1 minute\" \/>\n<script type=\"application\/ld+json\" class=\"yoast-schema-graph\">{\"@context\":\"https:\/\/schema.org\",\"@graph\":[{\"@type\":\"WebPage\",\"@id\":\"https:\/\/hpr-im.com\/?page_id=397\",\"url\":\"https:\/\/hpr-im.com\/?page_id=397\",\"name\":\"Audit - Hpr-im Conseil\",\"isPartOf\":{\"@id\":\"https:\/\/hpr-im.com\/#website\"},\"primaryImageOfPage\":{\"@id\":\"https:\/\/hpr-im.com\/?page_id=397#primaryimage\"},\"image\":{\"@id\":\"https:\/\/hpr-im.com\/?page_id=397#primaryimage\"},\"thumbnailUrl\":\"https:\/\/hpr-im.com\/wp-content\/uploads\/2020\/03\/shield-75x75.png\",\"datePublished\":\"2020-03-24T17:14:51+00:00\",\"dateModified\":\"2020-03-25T10:34:43+00:00\",\"breadcrumb\":{\"@id\":\"https:\/\/hpr-im.com\/?page_id=397#breadcrumb\"},\"inLanguage\":\"fr-FR\",\"potentialAction\":[{\"@type\":\"ReadAction\",\"target\":[\"https:\/\/hpr-im.com\/?page_id=397\"]}]},{\"@type\":\"ImageObject\",\"inLanguage\":\"fr-FR\",\"@id\":\"https:\/\/hpr-im.com\/?page_id=397#primaryimage\",\"url\":\"https:\/\/hpr-im.com\/wp-content\/uploads\/2020\/03\/shield.png\",\"contentUrl\":\"https:\/\/hpr-im.com\/wp-content\/uploads\/2020\/03\/shield.png\",\"width\":512,\"height\":512},{\"@type\":\"BreadcrumbList\",\"@id\":\"https:\/\/hpr-im.com\/?page_id=397#breadcrumb\",\"itemListElement\":[{\"@type\":\"ListItem\",\"position\":1,\"name\":\"Home\",\"item\":\"https:\/\/hpr-im.com\/\"},{\"@type\":\"ListItem\",\"position\":2,\"name\":\"Audit\"}]},{\"@type\":\"WebSite\",\"@id\":\"https:\/\/hpr-im.com\/#website\",\"url\":\"https:\/\/hpr-im.com\/\",\"name\":\"Hpr-im Conseil\",\"description\":\"CONSULTING\",\"publisher\":{\"@id\":\"https:\/\/hpr-im.com\/#organization\"},\"potentialAction\":[{\"@type\":\"SearchAction\",\"target\":{\"@type\":\"EntryPoint\",\"urlTemplate\":\"https:\/\/hpr-im.com\/?s={search_term_string}\"},\"query-input\":{\"@type\":\"PropertyValueSpecification\",\"valueRequired\":true,\"valueName\":\"search_term_string\"}}],\"inLanguage\":\"fr-FR\"},{\"@type\":\"Organization\",\"@id\":\"https:\/\/hpr-im.com\/#organization\",\"name\":\"HPR-IM Conseil\",\"url\":\"https:\/\/hpr-im.com\/\",\"logo\":{\"@type\":\"ImageObject\",\"inLanguage\":\"fr-FR\",\"@id\":\"https:\/\/hpr-im.com\/#\/schema\/logo\/image\/\",\"url\":\"https:\/\/hpr-im.com\/wp-content\/uploads\/2020\/12\/cropped-logo_HPRIM_gris-bleu-2-1.png\",\"contentUrl\":\"https:\/\/hpr-im.com\/wp-content\/uploads\/2020\/12\/cropped-logo_HPRIM_gris-bleu-2-1.png\",\"width\":1473,\"height\":619,\"caption\":\"HPR-IM Conseil\"},\"image\":{\"@id\":\"https:\/\/hpr-im.com\/#\/schema\/logo\/image\/\"},\"sameAs\":[\"https:\/\/www.linkedin.com\/company\/68813876\/admin\/\"]}]}<\/script>\n<!-- \/ Yoast SEO plugin. -->","yoast_head_json":{"title":"Audit - Hpr-im Conseil","robots":{"index":"index","follow":"follow","max-snippet":"max-snippet:-1","max-image-preview":"max-image-preview:large","max-video-preview":"max-video-preview:-1"},"canonical":"https:\/\/hpr-im.com\/?page_id=397","og_locale":"fr_FR","og_type":"article","og_title":"Audit - Hpr-im Conseil","og_description":"Besoin d&rsquo;un devis ou plus d&rsquo;informations ? nous contacter Notre \u00e9quipe vous propose de r\u00e9aliser une analyse factuelle et ind\u00e9pendante men\u00e9e par un ou plusieurs experts du domaine concern\u00e9. Qualit\u00e9 Vous souhaitez vous positionner sur votre conformit\u00e9 \u00e0 un r\u00e9f\u00e9rentiel (certification, ISO 9001, LABELLIX\u2026).\u00a0 Nous d\u00e9finirons les points conformes et les \u00e9ventuels axes d\u2019am\u00e9lioration avec nos experts. Organisationnel Vous souhaitez avoir un \u0153il objectif sur la satisfaction du patient et une \u00e9valuation du fonctionnement de votre organisation. Nous r\u00e9aliserons un audit cibl\u00e9 (planification, secr\u00e9tariat, circuits patients\u2026) pour r\u00e9pondre \u00e0 vos attentes en vous proposant les actions adapt\u00e9es. Cotation CCAM Vous souhaitez v\u00e9rifier la bonne utilisation du catalogue CCAM dans votre structure par l\u2019ensemble des utilisateurs. Nous proc\u00e9derons \u00e0 un \u00e9tat des lieux sur la cotation de vos actes et nous vous proposerons si besoin des modifications d\u2019utilisation de la CCAM. \u00a0 RGPD Vous souhaitez v\u00e9rifier que le r\u00e8glement europ\u00e9en est bien implant\u00e9 dans votre organisation.\u00a0Nous vous accompagnerons au travers d\u2019un audit de conformit\u00e9 \u00e0 la protection des donn\u00e9es. Nous vous proposerons ensuite des solutions. \u00a0","og_url":"https:\/\/hpr-im.com\/?page_id=397","og_site_name":"Hpr-im Conseil","article_modified_time":"2020-03-25T10:34:43+00:00","og_image":[{"url":"https:\/\/hpr-im.com\/wp-content\/uploads\/2020\/03\/shield-75x75.png","type":"","width":"","height":""}],"twitter_card":"summary_large_image","twitter_misc":{"Dur\u00e9e de lecture estim\u00e9e":"1 minute"},"schema":{"@context":"https:\/\/schema.org","@graph":[{"@type":"WebPage","@id":"https:\/\/hpr-im.com\/?page_id=397","url":"https:\/\/hpr-im.com\/?page_id=397","name":"Audit - Hpr-im Conseil","isPartOf":{"@id":"https:\/\/hpr-im.com\/#website"},"primaryImageOfPage":{"@id":"https:\/\/hpr-im.com\/?page_id=397#primaryimage"},"image":{"@id":"https:\/\/hpr-im.com\/?page_id=397#primaryimage"},"thumbnailUrl":"https:\/\/hpr-im.com\/wp-content\/uploads\/2020\/03\/shield-75x75.png","datePublished":"2020-03-24T17:14:51+00:00","dateModified":"2020-03-25T10:34:43+00:00","breadcrumb":{"@id":"https:\/\/hpr-im.com\/?page_id=397#breadcrumb"},"inLanguage":"fr-FR","potentialAction":[{"@type":"ReadAction","target":["https:\/\/hpr-im.com\/?page_id=397"]}]},{"@type":"ImageObject","inLanguage":"fr-FR","@id":"https:\/\/hpr-im.com\/?page_id=397#primaryimage","url":"https:\/\/hpr-im.com\/wp-content\/uploads\/2020\/03\/shield.png","contentUrl":"https:\/\/hpr-im.com\/wp-content\/uploads\/2020\/03\/shield.png","width":512,"height":512},{"@type":"BreadcrumbList","@id":"https:\/\/hpr-im.com\/?page_id=397#breadcrumb","itemListElement":[{"@type":"ListItem","position":1,"name":"Home","item":"https:\/\/hpr-im.com\/"},{"@type":"ListItem","position":2,"name":"Audit"}]},{"@type":"WebSite","@id":"https:\/\/hpr-im.com\/#website","url":"https:\/\/hpr-im.com\/","name":"Hpr-im Conseil","description":"CONSULTING","publisher":{"@id":"https:\/\/hpr-im.com\/#organization"},"potentialAction":[{"@type":"SearchAction","target":{"@type":"EntryPoint","urlTemplate":"https:\/\/hpr-im.com\/?s={search_term_string}"},"query-input":{"@type":"PropertyValueSpecification","valueRequired":true,"valueName":"search_term_string"}}],"inLanguage":"fr-FR"},{"@type":"Organization","@id":"https:\/\/hpr-im.com\/#organization","name":"HPR-IM Conseil","url":"https:\/\/hpr-im.com\/","logo":{"@type":"ImageObject","inLanguage":"fr-FR","@id":"https:\/\/hpr-im.com\/#\/schema\/logo\/image\/","url":"https:\/\/hpr-im.com\/wp-content\/uploads\/2020\/12\/cropped-logo_HPRIM_gris-bleu-2-1.png","contentUrl":"https:\/\/hpr-im.com\/wp-content\/uploads\/2020\/12\/cropped-logo_HPRIM_gris-bleu-2-1.png","width":1473,"height":619,"caption":"HPR-IM Conseil"},"image":{"@id":"https:\/\/hpr-im.com\/#\/schema\/logo\/image\/"},"sameAs":["https:\/\/www.linkedin.com\/company\/68813876\/admin\/"]}]}},"_links":{"self":[{"href":"https:\/\/hpr-im.com\/index.php?rest_route=\/wp\/v2\/pages\/397","targetHints":{"allow":["GET"]}}],"collection":[{"href":"https:\/\/hpr-im.com\/index.php?rest_route=\/wp\/v2\/pages"}],"about":[{"href":"https:\/\/hpr-im.com\/index.php?rest_route=\/wp\/v2\/types\/page"}],"author":[{"embeddable":true,"href":"https:\/\/hpr-im.com\/index.php?rest_route=\/wp\/v2\/users\/1"}],"replies":[{"embeddable":true,"href":"https:\/\/hpr-im.com\/index.php?rest_route=%2Fwp%2Fv2%2Fcomments&post=397"}],"version-history":[{"count":5,"href":"https:\/\/hpr-im.com\/index.php?rest_route=\/wp\/v2\/pages\/397\/revisions"}],"predecessor-version":[{"id":491,"href":"https:\/\/hpr-im.com\/index.php?rest_route=\/wp\/v2\/pages\/397\/revisions\/491"}],"wp:attachment":[{"href":"https:\/\/hpr-im.com\/index.php?rest_route=%2Fwp%2Fv2%2Fmedia&parent=397"}],"curies":[{"name":"wp","href":"https:\/\/api.w.org\/{rel}","templated":true}]}}