{"id":34,"date":"2019-09-25T21:23:22","date_gmt":"2019-09-25T19:23:22","guid":{"rendered":"http:\/\/hpr-im.com\/?page_id=34"},"modified":"2022-02-17T20:01:20","modified_gmt":"2022-02-17T19:01:20","slug":"references-hprim","status":"publish","type":"page","link":"https:\/\/hpr-im.com\/?page_id=34","title":{"rendered":"Nos r\u00e9f\u00e9rences"},"content":{"rendered":"\t\t<div data-elementor-type=\"wp-page\" data-elementor-id=\"34\" class=\"elementor elementor-34\">\n\t\t\t\t\t\t\t\t\t<section class=\"elementor-section elementor-top-section elementor-element elementor-element-2cca5915 elementor-section-content-middle elementor-section-boxed elementor-section-height-default elementor-section-height-default\" data-id=\"2cca5915\" data-element_type=\"section\">\n\t\t\t\t\t\t<div class=\"elementor-container elementor-column-gap-no\">\n\t\t\t\t\t<div class=\"elementor-column elementor-col-100 elementor-top-column elementor-element elementor-element-10c4375a\" data-id=\"10c4375a\" data-element_type=\"column\">\n\t\t\t<div class=\"elementor-widget-wrap elementor-element-populated\">\n\t\t\t\t\t\t\t\t<div class=\"elementor-element elementor-element-37d63d0f elementor-widget elementor-widget-heading\" data-id=\"37d63d0f\" data-element_type=\"widget\" data-widget_type=\"heading.default\">\n\t\t\t\t<div class=\"elementor-widget-container\">\n\t\t\t<h4 class=\"elementor-heading-title elementor-size-default\">Ils nous font confiance<\/h4>\t\t<\/div>\n\t\t\t\t<\/div>\n\t\t\t\t<section class=\"elementor-section elementor-inner-section elementor-element elementor-element-130da15a elementor-section-boxed elementor-section-height-default elementor-section-height-default\" data-id=\"130da15a\" data-element_type=\"section\">\n\t\t\t\t\t\t<div class=\"elementor-container elementor-column-gap-default\">\n\t\t\t\t\t<div class=\"elementor-column elementor-col-33 elementor-inner-column elementor-element elementor-element-4f5ce79f\" data-id=\"4f5ce79f\" data-element_type=\"column\" data-settings=\"{&quot;background_background&quot;:&quot;classic&quot;}\">\n\t\t\t<div class=\"elementor-widget-wrap elementor-element-populated\">\n\t\t\t\t\t\t\t\t<div class=\"elementor-element elementor-element-1d1f5cf elementor-widget elementor-widget-image\" data-id=\"1d1f5cf\" data-element_type=\"widget\" data-widget_type=\"image.default\">\n\t\t\t\t<div class=\"elementor-widget-container\">\n\t\t\t\t\t\t\t\t\t\t\t\t\t\t\t\t<a href=\"https:\/\/www.cliniquedumail.fr\">\n\t\t\t\t\t\t\t<img decoding=\"async\" width=\"249\" height=\"61\" src=\"https:\/\/hpr-im.com\/wp-content\/uploads\/2020\/03\/logo-site.png\" class=\"attachment-2048x2048 size-2048x2048 wp-image-521\" alt=\"\" \/>\t\t\t\t\t\t\t\t<\/a>\n\t\t\t\t\t\t\t\t\t\t\t\t\t\t\t<\/div>\n\t\t\t\t<\/div>\n\t\t\t\t\t<\/div>\n\t\t<\/div>\n\t\t\t\t<div class=\"elementor-column elementor-col-33 elementor-inner-column elementor-element elementor-element-3cce56be\" data-id=\"3cce56be\" data-element_type=\"column\" data-settings=\"{&quot;background_background&quot;:&quot;classic&quot;}\">\n\t\t\t<div class=\"elementor-widget-wrap elementor-element-populated\">\n\t\t\t\t\t\t\t\t<div class=\"elementor-element elementor-element-1fd6e336 elementor-widget elementor-widget-image\" data-id=\"1fd6e336\" data-element_type=\"widget\" data-widget_type=\"image.default\">\n\t\t\t\t<div class=\"elementor-widget-container\">\n\t\t\t\t\t\t\t\t\t\t\t\t\t\t\t\t<a href=\"https:\/\/www.bracco.com\">\n\t\t\t\t\t\t\t<img decoding=\"async\" width=\"155\" height=\"130\" src=\"https:\/\/hpr-im.com\/wp-content\/uploads\/2019\/10\/logo.png\" class=\"elementor-animation-grow attachment-large size-large wp-image-114\" alt=\"\" \/>\t\t\t\t\t\t\t\t<\/a>\n\t\t\t\t\t\t\t\t\t\t\t\t\t\t\t<\/div>\n\t\t\t\t<\/div>\n\t\t\t\t\t<\/div>\n\t\t<\/div>\n\t\t\t\t<div class=\"elementor-column elementor-col-33 elementor-inner-column elementor-element elementor-element-27ecaf40\" data-id=\"27ecaf40\" data-element_type=\"column\" data-settings=\"{&quot;background_background&quot;:&quot;classic&quot;}\">\n\t\t\t<div class=\"elementor-widget-wrap elementor-element-populated\">\n\t\t\t\t\t\t\t\t<div class=\"elementor-element elementor-element-3f4f3de1 elementor-widget elementor-widget-image\" data-id=\"3f4f3de1\" data-element_type=\"widget\" data-widget_type=\"image.default\">\n\t\t\t\t<div class=\"elementor-widget-container\">\n\t\t\t\t\t\t\t\t\t\t\t\t<figure class=\"wp-caption\">\n\t\t\t\t\t\t\t\t\t\t\t<a href=\"https:\/\/www.solime.fr\/web\/home.nsf\">\n\t\t\t\t\t\t\t<img fetchpriority=\"high\" decoding=\"async\" width=\"406\" height=\"124\" src=\"https:\/\/hpr-im.com\/wp-content\/uploads\/2020\/01\/solime.jpg\" class=\"elementor-animation-grow attachment-full size-full wp-image-199\" alt=\"\" srcset=\"https:\/\/hpr-im.com\/wp-content\/uploads\/2020\/01\/solime.jpg 406w, https:\/\/hpr-im.com\/wp-content\/uploads\/2020\/01\/solime-300x92.jpg 300w\" sizes=\"(max-width: 406px) 100vw, 406px\" \/>\t\t\t\t\t\t\t\t<\/a>\n\t\t\t\t\t\t\t\t\t\t\t<figcaption class=\"widget-image-caption wp-caption-text\"><\/figcaption>\n\t\t\t\t\t\t\t\t\t\t<\/figure>\n\t\t\t\t\t\t\t\t\t<\/div>\n\t\t\t\t<\/div>\n\t\t\t\t\t<\/div>\n\t\t<\/div>\n\t\t\t\t\t\t\t<\/div>\n\t\t<\/section>\n\t\t\t\t<section class=\"elementor-section elementor-inner-section elementor-element elementor-element-c0bb3cc elementor-section-boxed elementor-section-height-default elementor-section-height-default\" data-id=\"c0bb3cc\" data-element_type=\"section\">\n\t\t\t\t\t\t<div class=\"elementor-container elementor-column-gap-default\">\n\t\t\t\t\t<div class=\"elementor-column elementor-col-33 elementor-inner-column elementor-element elementor-element-78e147b\" data-id=\"78e147b\" data-element_type=\"column\" data-settings=\"{&quot;background_background&quot;:&quot;classic&quot;}\">\n\t\t\t<div class=\"elementor-widget-wrap elementor-element-populated\">\n\t\t\t\t\t\t\t\t<div class=\"elementor-element elementor-element-52d3f47 elementor-widget elementor-widget-image\" data-id=\"52d3f47\" data-element_type=\"widget\" data-widget_type=\"image.default\">\n\t\t\t\t<div class=\"elementor-widget-container\">\n\t\t\t\t\t\t\t\t\t\t\t\t\t\t\t\t<a href=\"https:\/\/www.centre-radiologie-iris-grim.fr\">\n\t\t\t\t\t\t\t<img loading=\"lazy\" decoding=\"async\" width=\"800\" height=\"424\" src=\"https:\/\/hpr-im.com\/wp-content\/uploads\/2020\/03\/70a8f388-17f7-417f-9c00-441290e5a701-800.jpeg\" class=\"attachment-2048x2048 size-2048x2048 wp-image-524\" alt=\"\" srcset=\"https:\/\/hpr-im.com\/wp-content\/uploads\/2020\/03\/70a8f388-17f7-417f-9c00-441290e5a701-800.jpeg 800w, https:\/\/hpr-im.com\/wp-content\/uploads\/2020\/03\/70a8f388-17f7-417f-9c00-441290e5a701-800-300x159.jpeg 300w, https:\/\/hpr-im.com\/wp-content\/uploads\/2020\/03\/70a8f388-17f7-417f-9c00-441290e5a701-800-768x407.jpeg 768w\" sizes=\"(max-width: 800px) 100vw, 800px\" \/>\t\t\t\t\t\t\t\t<\/a>\n\t\t\t\t\t\t\t\t\t\t\t\t\t\t\t<\/div>\n\t\t\t\t<\/div>\n\t\t\t\t\t<\/div>\n\t\t<\/div>\n\t\t\t\t<div class=\"elementor-column elementor-col-33 elementor-inner-column elementor-element elementor-element-6a75d79\" data-id=\"6a75d79\" data-element_type=\"column\" data-settings=\"{&quot;background_background&quot;:&quot;classic&quot;}\">\n\t\t\t<div class=\"elementor-widget-wrap elementor-element-populated\">\n\t\t\t\t\t\t\t\t<div class=\"elementor-element elementor-element-4d9ea25 elementor-widget elementor-widget-image\" data-id=\"4d9ea25\" data-element_type=\"widget\" data-widget_type=\"image.default\">\n\t\t\t\t<div class=\"elementor-widget-container\">\n\t\t\t\t\t\t\t\t\t\t\t\t\t\t\t\t<a href=\"http:\/\/radiologuesassocies.com\/accueil\/\">\n\t\t\t\t\t\t\t<img loading=\"lazy\" decoding=\"async\" width=\"1006\" height=\"221\" src=\"https:\/\/hpr-im.com\/wp-content\/uploads\/2020\/03\/img_bandeau__056506300_1208_23022016.png\" class=\"elementor-animation-grow attachment-1536x1536 size-1536x1536 wp-image-526\" alt=\"\" srcset=\"https:\/\/hpr-im.com\/wp-content\/uploads\/2020\/03\/img_bandeau__056506300_1208_23022016.png 1006w, https:\/\/hpr-im.com\/wp-content\/uploads\/2020\/03\/img_bandeau__056506300_1208_23022016-300x66.png 300w, https:\/\/hpr-im.com\/wp-content\/uploads\/2020\/03\/img_bandeau__056506300_1208_23022016-768x169.png 768w\" sizes=\"(max-width: 1006px) 100vw, 1006px\" \/>\t\t\t\t\t\t\t\t<\/a>\n\t\t\t\t\t\t\t\t\t\t\t\t\t\t\t<\/div>\n\t\t\t\t<\/div>\n\t\t\t\t\t<\/div>\n\t\t<\/div>\n\t\t\t\t<div class=\"elementor-column elementor-col-33 elementor-inner-column elementor-element elementor-element-d38a4cb\" data-id=\"d38a4cb\" data-element_type=\"column\" data-settings=\"{&quot;background_background&quot;:&quot;classic&quot;}\">\n\t\t\t<div class=\"elementor-widget-wrap elementor-element-populated\">\n\t\t\t\t\t\t\t\t<div class=\"elementor-element elementor-element-1418bdf elementor-widget elementor-widget-image\" data-id=\"1418bdf\" data-element_type=\"widget\" data-widget_type=\"image.default\">\n\t\t\t\t<div class=\"elementor-widget-container\">\n\t\t\t\t\t\t\t\t\t\t\t\t<figure class=\"wp-caption\">\n\t\t\t\t\t\t\t\t\t\t\t<a href=\"https:\/\/ccn.fr\">\n\t\t\t\t\t\t\t<img loading=\"lazy\" decoding=\"async\" width=\"280\" height=\"84\" src=\"https:\/\/hpr-im.com\/wp-content\/uploads\/2020\/03\/centre-cardiologique-du-nord.jpg\" class=\"elementor-animation-grow attachment-full size-full wp-image-527\" alt=\"\" \/>\t\t\t\t\t\t\t\t<\/a>\n\t\t\t\t\t\t\t\t\t\t\t<figcaption class=\"widget-image-caption wp-caption-text\"><\/figcaption>\n\t\t\t\t\t\t\t\t\t\t<\/figure>\n\t\t\t\t\t\t\t\t\t<\/div>\n\t\t\t\t<\/div>\n\t\t\t\t\t<\/div>\n\t\t<\/div>\n\t\t\t\t\t\t\t<\/div>\n\t\t<\/section>\n\t\t\t\t<section class=\"elementor-section elementor-inner-section elementor-element elementor-element-bc98b6d elementor-section-boxed elementor-section-height-default elementor-section-height-default\" data-id=\"bc98b6d\" data-element_type=\"section\">\n\t\t\t\t\t\t<div class=\"elementor-container elementor-column-gap-default\">\n\t\t\t\t\t<div class=\"elementor-column elementor-col-50 elementor-inner-column elementor-element elementor-element-9a9dc39\" data-id=\"9a9dc39\" data-element_type=\"column\" data-settings=\"{&quot;background_background&quot;:&quot;classic&quot;}\">\n\t\t\t<div class=\"elementor-widget-wrap elementor-element-populated\">\n\t\t\t\t\t\t\t\t<div class=\"elementor-element elementor-element-36506c2 elementor-widget elementor-widget-image\" data-id=\"36506c2\" data-element_type=\"widget\" data-widget_type=\"image.default\">\n\t\t\t\t<div class=\"elementor-widget-container\">\n\t\t\t\t\t\t\t\t\t\t\t\t\t\t\t\t<a href=\"https:\/\/72mis.fr\">\n\t\t\t\t\t\t\t<img loading=\"lazy\" decoding=\"async\" width=\"150\" height=\"150\" src=\"https:\/\/hpr-im.com\/wp-content\/uploads\/2020\/03\/cropped-cropped-logo-mis-150x150.jpg\" class=\"attachment-thumbnail size-thumbnail wp-image-532\" alt=\"\" srcset=\"https:\/\/hpr-im.com\/wp-content\/uploads\/2020\/03\/cropped-cropped-logo-mis-150x150.jpg 150w, https:\/\/hpr-im.com\/wp-content\/uploads\/2020\/03\/cropped-cropped-logo-mis-300x300.jpg 300w, https:\/\/hpr-im.com\/wp-content\/uploads\/2020\/03\/cropped-cropped-logo-mis-75x75.jpg 75w, https:\/\/hpr-im.com\/wp-content\/uploads\/2020\/03\/cropped-cropped-logo-mis.jpg 512w\" sizes=\"(max-width: 150px) 100vw, 150px\" \/>\t\t\t\t\t\t\t\t<\/a>\n\t\t\t\t\t\t\t\t\t\t\t\t\t\t\t<\/div>\n\t\t\t\t<\/div>\n\t\t\t\t\t<\/div>\n\t\t<\/div>\n\t\t\t\t<div class=\"elementor-column elementor-col-50 elementor-inner-column elementor-element elementor-element-6083401\" data-id=\"6083401\" data-element_type=\"column\" data-settings=\"{&quot;background_background&quot;:&quot;classic&quot;}\">\n\t\t\t<div class=\"elementor-widget-wrap elementor-element-populated\">\n\t\t\t\t\t\t\t\t<div class=\"elementor-element elementor-element-bbe0c2d elementor-widget elementor-widget-image\" data-id=\"bbe0c2d\" data-element_type=\"widget\" data-widget_type=\"image.default\">\n\t\t\t\t<div class=\"elementor-widget-container\">\n\t\t\t\t\t\t\t\t\t\t\t\t\t\t\t\t<a href=\"https:\/\/www.ch-stjoseph-stluc-lyon.fr\">\n\t\t\t\t\t\t\t<img loading=\"lazy\" decoding=\"async\" width=\"2016\" height=\"820\" src=\"https:\/\/hpr-im.com\/wp-content\/uploads\/2020\/03\/390-logotypesanssignature.jpg\" class=\"elementor-animation-grow attachment-2048x2048 size-2048x2048 wp-image-535\" alt=\"\" srcset=\"https:\/\/hpr-im.com\/wp-content\/uploads\/2020\/03\/390-logotypesanssignature.jpg 2016w, https:\/\/hpr-im.com\/wp-content\/uploads\/2020\/03\/390-logotypesanssignature-300x122.jpg 300w, https:\/\/hpr-im.com\/wp-content\/uploads\/2020\/03\/390-logotypesanssignature-1024x417.jpg 1024w, https:\/\/hpr-im.com\/wp-content\/uploads\/2020\/03\/390-logotypesanssignature-768x312.jpg 768w, https:\/\/hpr-im.com\/wp-content\/uploads\/2020\/03\/390-logotypesanssignature-1536x625.jpg 1536w, https:\/\/hpr-im.com\/wp-content\/uploads\/2020\/03\/390-logotypesanssignature-1140x464.jpg 1140w\" sizes=\"(max-width: 2016px) 100vw, 2016px\" \/>\t\t\t\t\t\t\t\t<\/a>\n\t\t\t\t\t\t\t\t\t\t\t\t\t\t\t<\/div>\n\t\t\t\t<\/div>\n\t\t\t\t\t<\/div>\n\t\t<\/div>\n\t\t\t\t\t\t\t<\/div>\n\t\t<\/section>\n\t\t\t\t<section class=\"elementor-section elementor-inner-section elementor-element elementor-element-553dbebb elementor-section-boxed elementor-section-height-default elementor-section-height-default\" data-id=\"553dbebb\" data-element_type=\"section\">\n\t\t\t\t\t\t<div class=\"elementor-container elementor-column-gap-default\">\n\t\t\t\t\t<div class=\"elementor-column elementor-col-50 elementor-inner-column elementor-element elementor-element-4041507b\" data-id=\"4041507b\" data-element_type=\"column\" data-settings=\"{&quot;background_background&quot;:&quot;classic&quot;}\">\n\t\t\t<div class=\"elementor-widget-wrap elementor-element-populated\">\n\t\t\t\t\t\t\t\t<div class=\"elementor-element elementor-element-176038c4 elementor-widget elementor-widget-image\" data-id=\"176038c4\" data-element_type=\"widget\" data-widget_type=\"image.default\">\n\t\t\t\t<div class=\"elementor-widget-container\">\n\t\t\t\t\t\t\t\t\t\t\t\t\t\t\t\t<a href=\"https:\/\/www.byisix.fr\">\n\t\t\t\t\t\t\t<img loading=\"lazy\" decoding=\"async\" width=\"172\" height=\"98\" src=\"https:\/\/hpr-im.com\/wp-content\/uploads\/2020\/01\/isix-logo-noir.png\" class=\"elementor-animation-grow attachment-full size-full wp-image-198\" alt=\"\" \/>\t\t\t\t\t\t\t\t<\/a>\n\t\t\t\t\t\t\t\t\t\t\t\t\t\t\t<\/div>\n\t\t\t\t<\/div>\n\t\t\t\t\t<\/div>\n\t\t<\/div>\n\t\t\t\t<div class=\"elementor-column elementor-col-50 elementor-inner-column elementor-element elementor-element-d73e964\" data-id=\"d73e964\" data-element_type=\"column\" data-settings=\"{&quot;background_background&quot;:&quot;classic&quot;}\">\n\t\t\t<div class=\"elementor-widget-wrap elementor-element-populated\">\n\t\t\t\t\t\t\t\t<div class=\"elementor-element elementor-element-6af0ab28 elementor-widget elementor-widget-image\" data-id=\"6af0ab28\" data-element_type=\"widget\" data-widget_type=\"image.default\">\n\t\t\t\t<div class=\"elementor-widget-container\">\n\t\t\t\t\t\t\t\t\t\t\t\t\t\t\t\t<a href=\"http:\/\/www.therasoft.fr\">\n\t\t\t\t\t\t\t<img loading=\"lazy\" decoding=\"async\" width=\"960\" height=\"926\" src=\"https:\/\/hpr-im.com\/wp-content\/uploads\/2019\/10\/logo_Thera_Soft.png\" class=\"elementor-animation-grow attachment-large size-large wp-image-120\" alt=\"\" srcset=\"https:\/\/hpr-im.com\/wp-content\/uploads\/2019\/10\/logo_Thera_Soft.png 1011w, https:\/\/hpr-im.com\/wp-content\/uploads\/2019\/10\/logo_Thera_Soft-300x289.png 300w, https:\/\/hpr-im.com\/wp-content\/uploads\/2019\/10\/logo_Thera_Soft-768x741.png 768w\" sizes=\"(max-width: 960px) 100vw, 960px\" \/>\t\t\t\t\t\t\t\t<\/a>\n\t\t\t\t\t\t\t\t\t\t\t\t\t\t\t<\/div>\n\t\t\t\t<\/div>\n\t\t\t\t\t<\/div>\n\t\t<\/div>\n\t\t\t\t\t\t\t<\/div>\n\t\t<\/section>\n\t\t\t\t\t<\/div>\n\t\t<\/div>\n\t\t\t\t\t\t\t<\/div>\n\t\t<\/section>\n\t\t\t\t\t\t\t<\/div>\n\t\t","protected":false},"excerpt":{"rendered":"<p>Ils nous font confiance<\/p>\n","protected":false},"author":1,"featured_media":0,"parent":0,"menu_order":0,"comment_status":"closed","ping_status":"closed","template":"","meta":{"_aioseo_title":"","_aioseo_description":"","content-type":"","footnotes":""},"class_list":["post-34","page","type-page","status-publish"],"yoast_head":"<!-- This site is optimized with the Yoast SEO plugin v24.9 - https:\/\/yoast.com\/wordpress\/plugins\/seo\/ -->\n<title>Nos r\u00e9f\u00e9rences - Hpr-im Conseil<\/title>\n<meta name=\"description\" content=\"Les soci\u00e9t\u00e9s qui nous font confiance, nous les accompagnons et les conseillons pour optimiser leur flux patient et la mise en conformit\u00e9 RGPD\" \/>\n<meta name=\"robots\" content=\"index, follow, max-snippet:-1, max-image-preview:large, max-video-preview:-1\" \/>\n<link rel=\"canonical\" href=\"https:\/\/hpr-im.com\/?page_id=34\" \/>\n<meta property=\"og:locale\" content=\"fr_FR\" \/>\n<meta property=\"og:type\" content=\"article\" \/>\n<meta property=\"og:title\" content=\"Nos r\u00e9f\u00e9rences - Hpr-im Conseil\" \/>\n<meta property=\"og:description\" content=\"Les soci\u00e9t\u00e9s qui nous font confiance, nous les accompagnons et les conseillons pour optimiser leur flux patient et la mise en conformit\u00e9 RGPD\" \/>\n<meta property=\"og:url\" content=\"https:\/\/hpr-im.com\/?page_id=34\" \/>\n<meta property=\"og:site_name\" content=\"Hpr-im Conseil\" \/>\n<meta property=\"article:modified_time\" content=\"2022-02-17T19:01:20+00:00\" \/>\n<meta property=\"og:image\" content=\"https:\/\/hpr-im.com\/wp-content\/uploads\/2020\/03\/logo-site.png\" \/>\n<meta name=\"twitter:card\" content=\"summary_large_image\" \/>\n<meta name=\"twitter:label1\" content=\"Dur\u00e9e de lecture estim\u00e9e\" \/>\n\t<meta name=\"twitter:data1\" content=\"3 minutes\" \/>\n<script type=\"application\/ld+json\" class=\"yoast-schema-graph\">{\"@context\":\"https:\/\/schema.org\",\"@graph\":[{\"@type\":\"WebPage\",\"@id\":\"https:\/\/hpr-im.com\/?page_id=34\",\"url\":\"https:\/\/hpr-im.com\/?page_id=34\",\"name\":\"Nos r\u00e9f\u00e9rences - Hpr-im Conseil\",\"isPartOf\":{\"@id\":\"https:\/\/hpr-im.com\/#website\"},\"primaryImageOfPage\":{\"@id\":\"https:\/\/hpr-im.com\/?page_id=34#primaryimage\"},\"image\":{\"@id\":\"https:\/\/hpr-im.com\/?page_id=34#primaryimage\"},\"thumbnailUrl\":\"https:\/\/hpr-im.com\/wp-content\/uploads\/2020\/03\/logo-site.png\",\"datePublished\":\"2019-09-25T19:23:22+00:00\",\"dateModified\":\"2022-02-17T19:01:20+00:00\",\"description\":\"Les soci\u00e9t\u00e9s qui nous font confiance, nous les accompagnons et les conseillons pour optimiser leur flux patient et la mise en conformit\u00e9 RGPD\",\"breadcrumb\":{\"@id\":\"https:\/\/hpr-im.com\/?page_id=34#breadcrumb\"},\"inLanguage\":\"fr-FR\",\"potentialAction\":[{\"@type\":\"ReadAction\",\"target\":[\"https:\/\/hpr-im.com\/?page_id=34\"]}]},{\"@type\":\"ImageObject\",\"inLanguage\":\"fr-FR\",\"@id\":\"https:\/\/hpr-im.com\/?page_id=34#primaryimage\",\"url\":\"https:\/\/hpr-im.com\/wp-content\/uploads\/2020\/03\/logo-site.png\",\"contentUrl\":\"https:\/\/hpr-im.com\/wp-content\/uploads\/2020\/03\/logo-site.png\",\"width\":249,\"height\":61},{\"@type\":\"BreadcrumbList\",\"@id\":\"https:\/\/hpr-im.com\/?page_id=34#breadcrumb\",\"itemListElement\":[{\"@type\":\"ListItem\",\"position\":1,\"name\":\"Home\",\"item\":\"https:\/\/hpr-im.com\/\"},{\"@type\":\"ListItem\",\"position\":2,\"name\":\"Nos r\u00e9f\u00e9rences\"}]},{\"@type\":\"WebSite\",\"@id\":\"https:\/\/hpr-im.com\/#website\",\"url\":\"https:\/\/hpr-im.com\/\",\"name\":\"Hpr-im Conseil\",\"description\":\"CONSULTING\",\"publisher\":{\"@id\":\"https:\/\/hpr-im.com\/#organization\"},\"potentialAction\":[{\"@type\":\"SearchAction\",\"target\":{\"@type\":\"EntryPoint\",\"urlTemplate\":\"https:\/\/hpr-im.com\/?s={search_term_string}\"},\"query-input\":{\"@type\":\"PropertyValueSpecification\",\"valueRequired\":true,\"valueName\":\"search_term_string\"}}],\"inLanguage\":\"fr-FR\"},{\"@type\":\"Organization\",\"@id\":\"https:\/\/hpr-im.com\/#organization\",\"name\":\"HPR-IM Conseil\",\"url\":\"https:\/\/hpr-im.com\/\",\"logo\":{\"@type\":\"ImageObject\",\"inLanguage\":\"fr-FR\",\"@id\":\"https:\/\/hpr-im.com\/#\/schema\/logo\/image\/\",\"url\":\"https:\/\/hpr-im.com\/wp-content\/uploads\/2020\/12\/cropped-logo_HPRIM_gris-bleu-2-1.png\",\"contentUrl\":\"https:\/\/hpr-im.com\/wp-content\/uploads\/2020\/12\/cropped-logo_HPRIM_gris-bleu-2-1.png\",\"width\":1473,\"height\":619,\"caption\":\"HPR-IM Conseil\"},\"image\":{\"@id\":\"https:\/\/hpr-im.com\/#\/schema\/logo\/image\/\"},\"sameAs\":[\"https:\/\/www.linkedin.com\/company\/68813876\/admin\/\"]}]}<\/script>\n<!-- \/ Yoast SEO plugin. -->","yoast_head_json":{"title":"Nos r\u00e9f\u00e9rences - Hpr-im Conseil","description":"Les soci\u00e9t\u00e9s qui nous font confiance, nous les accompagnons et les conseillons pour optimiser leur flux patient et la mise en conformit\u00e9 RGPD","robots":{"index":"index","follow":"follow","max-snippet":"max-snippet:-1","max-image-preview":"max-image-preview:large","max-video-preview":"max-video-preview:-1"},"canonical":"https:\/\/hpr-im.com\/?page_id=34","og_locale":"fr_FR","og_type":"article","og_title":"Nos r\u00e9f\u00e9rences - Hpr-im Conseil","og_description":"Les soci\u00e9t\u00e9s qui nous font confiance, nous les accompagnons et les conseillons pour optimiser leur flux patient et la mise en conformit\u00e9 RGPD","og_url":"https:\/\/hpr-im.com\/?page_id=34","og_site_name":"Hpr-im Conseil","article_modified_time":"2022-02-17T19:01:20+00:00","og_image":[{"url":"https:\/\/hpr-im.com\/wp-content\/uploads\/2020\/03\/logo-site.png","type":"","width":"","height":""}],"twitter_card":"summary_large_image","twitter_misc":{"Dur\u00e9e de lecture estim\u00e9e":"3 minutes"},"schema":{"@context":"https:\/\/schema.org","@graph":[{"@type":"WebPage","@id":"https:\/\/hpr-im.com\/?page_id=34","url":"https:\/\/hpr-im.com\/?page_id=34","name":"Nos r\u00e9f\u00e9rences - Hpr-im Conseil","isPartOf":{"@id":"https:\/\/hpr-im.com\/#website"},"primaryImageOfPage":{"@id":"https:\/\/hpr-im.com\/?page_id=34#primaryimage"},"image":{"@id":"https:\/\/hpr-im.com\/?page_id=34#primaryimage"},"thumbnailUrl":"https:\/\/hpr-im.com\/wp-content\/uploads\/2020\/03\/logo-site.png","datePublished":"2019-09-25T19:23:22+00:00","dateModified":"2022-02-17T19:01:20+00:00","description":"Les soci\u00e9t\u00e9s qui nous font confiance, nous les accompagnons et les conseillons pour optimiser leur flux patient et la mise en conformit\u00e9 RGPD","breadcrumb":{"@id":"https:\/\/hpr-im.com\/?page_id=34#breadcrumb"},"inLanguage":"fr-FR","potentialAction":[{"@type":"ReadAction","target":["https:\/\/hpr-im.com\/?page_id=34"]}]},{"@type":"ImageObject","inLanguage":"fr-FR","@id":"https:\/\/hpr-im.com\/?page_id=34#primaryimage","url":"https:\/\/hpr-im.com\/wp-content\/uploads\/2020\/03\/logo-site.png","contentUrl":"https:\/\/hpr-im.com\/wp-content\/uploads\/2020\/03\/logo-site.png","width":249,"height":61},{"@type":"BreadcrumbList","@id":"https:\/\/hpr-im.com\/?page_id=34#breadcrumb","itemListElement":[{"@type":"ListItem","position":1,"name":"Home","item":"https:\/\/hpr-im.com\/"},{"@type":"ListItem","position":2,"name":"Nos r\u00e9f\u00e9rences"}]},{"@type":"WebSite","@id":"https:\/\/hpr-im.com\/#website","url":"https:\/\/hpr-im.com\/","name":"Hpr-im Conseil","description":"CONSULTING","publisher":{"@id":"https:\/\/hpr-im.com\/#organization"},"potentialAction":[{"@type":"SearchAction","target":{"@type":"EntryPoint","urlTemplate":"https:\/\/hpr-im.com\/?s={search_term_string}"},"query-input":{"@type":"PropertyValueSpecification","valueRequired":true,"valueName":"search_term_string"}}],"inLanguage":"fr-FR"},{"@type":"Organization","@id":"https:\/\/hpr-im.com\/#organization","name":"HPR-IM Conseil","url":"https:\/\/hpr-im.com\/","logo":{"@type":"ImageObject","inLanguage":"fr-FR","@id":"https:\/\/hpr-im.com\/#\/schema\/logo\/image\/","url":"https:\/\/hpr-im.com\/wp-content\/uploads\/2020\/12\/cropped-logo_HPRIM_gris-bleu-2-1.png","contentUrl":"https:\/\/hpr-im.com\/wp-content\/uploads\/2020\/12\/cropped-logo_HPRIM_gris-bleu-2-1.png","width":1473,"height":619,"caption":"HPR-IM Conseil"},"image":{"@id":"https:\/\/hpr-im.com\/#\/schema\/logo\/image\/"},"sameAs":["https:\/\/www.linkedin.com\/company\/68813876\/admin\/"]}]}},"_links":{"self":[{"href":"https:\/\/hpr-im.com\/index.php?rest_route=\/wp\/v2\/pages\/34","targetHints":{"allow":["GET"]}}],"collection":[{"href":"https:\/\/hpr-im.com\/index.php?rest_route=\/wp\/v2\/pages"}],"about":[{"href":"https:\/\/hpr-im.com\/index.php?rest_route=\/wp\/v2\/types\/page"}],"author":[{"embeddable":true,"href":"https:\/\/hpr-im.com\/index.php?rest_route=\/wp\/v2\/users\/1"}],"replies":[{"embeddable":true,"href":"https:\/\/hpr-im.com\/index.php?rest_route=%2Fwp%2Fv2%2Fcomments&post=34"}],"version-history":[{"count":28,"href":"https:\/\/hpr-im.com\/index.php?rest_route=\/wp\/v2\/pages\/34\/revisions"}],"predecessor-version":[{"id":868,"href":"https:\/\/hpr-im.com\/index.php?rest_route=\/wp\/v2\/pages\/34\/revisions\/868"}],"wp:attachment":[{"href":"https:\/\/hpr-im.com\/index.php?rest_route=%2Fwp%2Fv2%2Fmedia&parent=34"}],"curies":[{"name":"wp","href":"https:\/\/api.w.org\/{rel}","templated":true}]}}